{"id":523,"date":"2010-06-18T23:25:59","date_gmt":"2010-06-18T21:25:59","guid":{"rendered":"http:\/\/blog.marcinbajor.net\/index.php\/"},"modified":"2016-03-23T13:38:32","modified_gmt":"2016-03-23T12:38:32","slug":"o-autorze","status":"publish","type":"page","link":"https:\/\/blog.marcinbajor.net\/index.php\/o-autorze","title":{"rendered":"O autorze"},"content":{"rendered":"<p>Nazywam si\u0119 Marcin Bajor.<\/p>\n<p>Zawodowo jestem programist\u0105. Mieszkam w Katowicach, pracuj\u0119 w Gliwicach, a pochodz\u0119 z Cz\u0119stochowy.<\/p>\n<p>Zdj\u0119cia cykam amatorsko.<\/p>\n<h3>Related Images:<\/h3>","protected":false},"excerpt":{"rendered":"<p>Nazywam si\u0119 Marcin Bajor. Zawodowo jestem programist\u0105. Mieszkam w Katowicach, pracuj\u0119 w Gliwicach, a pochodz\u0119 z Cz\u0119stochowy. Zdj\u0119cia cykam amatorsko. Related Images:<\/p>\n","protected":false},"author":2,"featured_media":0,"parent":0,"menu_order":0,"comment_status":"closed","ping_status":"open","template":"","meta":{"_monsterinsights_skip_tracking":false,"_monsterinsights_sitenote_active":false,"_monsterinsights_sitenote_note":"","_monsterinsights_sitenote_category":0,"_uf_show_specific_survey":0,"_uf_disable_surveys":false,"ngg_post_thumbnail":0,"footnotes":""},"class_list":["post-523","page","type-page","status-publish","czr-hentry"],"aioseo_notices":[],"_links":{"self":[{"href":"https:\/\/blog.marcinbajor.net\/index.php\/wp-json\/wp\/v2\/pages\/523","targetHints":{"allow":["GET"]}}],"collection":[{"href":"https:\/\/blog.marcinbajor.net\/index.php\/wp-json\/wp\/v2\/pages"}],"about":[{"href":"https:\/\/blog.marcinbajor.net\/index.php\/wp-json\/wp\/v2\/types\/page"}],"author":[{"embeddable":true,"href":"https:\/\/blog.marcinbajor.net\/index.php\/wp-json\/wp\/v2\/users\/2"}],"replies":[{"embeddable":true,"href":"https:\/\/blog.marcinbajor.net\/index.php\/wp-json\/wp\/v2\/comments?post=523"}],"version-history":[{"count":8,"href":"https:\/\/blog.marcinbajor.net\/index.php\/wp-json\/wp\/v2\/pages\/523\/revisions"}],"predecessor-version":[{"id":975,"href":"https:\/\/blog.marcinbajor.net\/index.php\/wp-json\/wp\/v2\/pages\/523\/revisions\/975"}],"wp:attachment":[{"href":"https:\/\/blog.marcinbajor.net\/index.php\/wp-json\/wp\/v2\/media?parent=523"}],"curies":[{"name":"wp","href":"https:\/\/api.w.org\/{rel}","templated":true}]}}